{"id":697,"date":"2020-06-18T23:51:59","date_gmt":"2020-06-18T23:51:59","guid":{"rendered":"https:\/\/www.conciliodetirisfal.es\/?page_id=697"},"modified":"2020-08-06T23:29:38","modified_gmt":"2020-08-06T23:29:38","slug":"buzon-2","status":"publish","type":"page","link":"https:\/\/www.conciliodetirisfal.es\/index.php\/buzon-2\/","title":{"rendered":"Buz\u00f3n"},"content":{"rendered":"\t\t<div data-elementor-type=\"wp-page\" data-elementor-id=\"697\" class=\"elementor elementor-697\">\n\t\t\t\t\t\t<section class=\"elementor-section elementor-top-section elementor-element elementor-element-bdb31f3 elementor-section-boxed elementor-section-height-default elementor-section-height-default\" data-id=\"bdb31f3\" data-element_type=\"section\">\n\t\t\t\t\t\t<div class=\"elementor-container elementor-column-gap-default\">\n\t\t\t\t\t<div class=\"elementor-column elementor-col-100 elementor-top-column elementor-element elementor-element-2a39cf8\" data-id=\"2a39cf8\" data-element_type=\"column\">\n\t\t\t<div class=\"elementor-widget-wrap elementor-element-populated\">\n\t\t\t\t\t\t<div class=\"elementor-element elementor-element-0db8242 elementor-widget elementor-widget-heading\" data-id=\"0db8242\" data-element_type=\"widget\" data-widget_type=\"heading.default\">\n\t\t\t\t<div class=\"elementor-widget-container\">\n\t\t\t<h1 class=\"elementor-heading-title elementor-size-xxl\">Bienvenidos al rinc\u00f3n de terapia de moroes<\/h1>\t\t<\/div>\n\t\t\t\t<\/div>\n\t\t\t\t<div class=\"elementor-element elementor-element-b6333e6 elementor-widget elementor-widget-text-editor\" data-id=\"b6333e6\" data-element_type=\"widget\" data-widget_type=\"text-editor.default\">\n\t\t\t\t<div class=\"elementor-widget-container\">\n\t\t\t\t\t\t\t<p style=\"text-align: justify;\"><span style=\"color: #000000;\">El buz\u00f3n es la zona donde los jugadores y los invitados pueden hacer llegar al equipo de gesti\u00f3n los comentarios que estimen oportunos sobre la comunidad. Los campos de identificaci\u00f3n no son obligatorios ya que consideramos que de esta manera, al poder enviar los comentarios de forma an\u00f3nima, conseguimos evitar la presi\u00f3n o el temor a recibir una hipot\u00e9tica reprimenda. La neutralidad es uno de los pilares principales de nuestra comunidad a nivel de gesti\u00f3n, pero entendemos que de esta forma el jugador tiene m\u00e1s libertad a la hora de hablar.<\/span><\/p>\t\t\t\t\t\t<\/div>\n\t\t\t\t<\/div>\n\t\t\t\t\t<\/div>\n\t\t<\/div>\n\t\t\t\t\t<\/div>\n\t\t<\/section>\n\t\t\t\t<section class=\"elementor-section elementor-top-section elementor-element elementor-element-d5546a7 elementor-section-boxed elementor-section-height-default elementor-section-height-default\" data-id=\"d5546a7\" data-element_type=\"section\">\n\t\t\t\t\t\t<div class=\"elementor-container elementor-column-gap-default\">\n\t\t\t\t\t<div class=\"elementor-column elementor-col-16 elementor-top-column elementor-element elementor-element-ec82524\" data-id=\"ec82524\" data-element_type=\"column\">\n\t\t\t<div class=\"elementor-widget-wrap elementor-element-populated\">\n\t\t\t\t\t\t<div class=\"elementor-element elementor-element-4e0b3a1 elementor-widget elementor-widget-image\" data-id=\"4e0b3a1\" data-element_type=\"widget\" data-widget_type=\"image.default\">\n\t\t\t\t<div class=\"elementor-widget-container\">\n\t\t\t\t\t\t\t\t\t\t\t\t\t<img fetchpriority=\"high\" decoding=\"async\" width=\"163\" height=\"708\" src=\"https:\/\/www.conciliodetirisfal.es\/wp-content\/uploads\/2020\/06\/FlagH.png\" class=\"attachment-large size-large wp-image-720\" alt=\"\" srcset=\"https:\/\/www.conciliodetirisfal.es\/wp-content\/uploads\/2020\/06\/FlagH.png 163w, https:\/\/www.conciliodetirisfal.es\/wp-content\/uploads\/2020\/06\/FlagH-69x300.png 69w\" sizes=\"(max-width: 163px) 100vw, 163px\" \/>\t\t\t\t\t\t\t\t\t\t\t\t\t<\/div>\n\t\t\t\t<\/div>\n\t\t\t\t\t<\/div>\n\t\t<\/div>\n\t\t\t\t<div class=\"elementor-column elementor-col-66 elementor-top-column elementor-element elementor-element-c8f7b1e\" data-id=\"c8f7b1e\" data-element_type=\"column\">\n\t\t\t<div class=\"elementor-widget-wrap elementor-element-populated\">\n\t\t\t\t\t\t<div class=\"elementor-element elementor-element-c90fbcf eael-contact-form-7-button-align-center eael-contact-form-7-button-custom elementor-widget elementor-widget-eael-contact-form-7\" data-id=\"c90fbcf\" data-element_type=\"widget\" data-widget_type=\"eael-contact-form-7.default\">\n\t\t\t\t<div class=\"elementor-widget-container\">\n\t\t\t<div class=\"eael-contact-form-7-wrapper\">\n                <div class=\"eael-contact-form eael-contact-form-7 eael-contact-form-c90fbcf placeholder-show eael-contact-form-align-center\">\n<div class=\"wpcf7 no-js\" id=\"wpcf7-f696-o1\" lang=\"es-ES\" dir=\"ltr\" data-wpcf7-id=\"696\">\n<div class=\"screen-reader-response\"><p role=\"status\" aria-live=\"polite\" aria-atomic=\"true\"><\/p> <ul><\/ul><\/div>\n<form action=\"\/index.php\/wp-json\/wp\/v2\/pages\/697#wpcf7-f696-o1\" method=\"post\" class=\"wpcf7-form init\" aria-label=\"Formulario de contacto\" novalidate=\"novalidate\" data-status=\"init\">\n<div style=\"display: none;\">\n<input type=\"hidden\" name=\"_wpcf7\" value=\"696\" \/>\n<input type=\"hidden\" name=\"_wpcf7_version\" value=\"6.0\" \/>\n<input type=\"hidden\" name=\"_wpcf7_locale\" value=\"es_ES\" \/>\n<input type=\"hidden\" name=\"_wpcf7_unit_tag\" value=\"wpcf7-f696-o1\" \/>\n<input type=\"hidden\" name=\"_wpcf7_container_post\" value=\"0\" \/>\n<input type=\"hidden\" name=\"_wpcf7_posted_data_hash\" value=\"\" \/>\n<input type=\"hidden\" name=\"_wpcf7cf_hidden_group_fields\" value=\"[]\" \/>\n<input type=\"hidden\" name=\"_wpcf7cf_hidden_groups\" value=\"[]\" \/>\n<input type=\"hidden\" name=\"_wpcf7cf_visible_groups\" value=\"[]\" \/>\n<input type=\"hidden\" name=\"_wpcf7cf_repeaters\" value=\"[]\" \/>\n<input type=\"hidden\" name=\"_wpcf7cf_steps\" value=\"{}\" \/>\n<input type=\"hidden\" name=\"_wpcf7cf_options\" value=\"{&quot;form_id&quot;:696,&quot;conditions&quot;:[],&quot;settings&quot;:{&quot;animation&quot;:&quot;yes&quot;,&quot;animation_intime&quot;:200,&quot;animation_outtime&quot;:200,&quot;conditions_ui&quot;:&quot;normal&quot;,&quot;notice_dismissed&quot;:false}}\" \/>\n<\/div>\n<div id=\"envio-perfil\">\n\t<table>\n\t\t<tr>\n\t\t\t<td style=\"width: 50%;\">\n\t\t\t\t<p><b>\n\t\t\t\t\t\t<font color=\"#103147\">\n\t\t\t\t\t\t\t<font size=\"3\"> Usuario \/ Apodo\n\t\t\t\t\t\t\t<\/font>\n\t\t\t\t\t\t<\/font> <\/b><br \/>\n<span class=\"wpcf7-form-control-wrap\" data-name=\"Usuario\"><input size=\"40\" maxlength=\"400\" class=\"wpcf7-form-control wpcf7-text\" aria-invalid=\"false\" value=\"\" type=\"text\" name=\"Usuario\" \/><\/span><br \/>\n<i>\n\t\t\t\t\t\t<font size=\"2\">\n\t\t\t\t\t\t\t<font color=\"#334c54\"> Ind\u00edcanos tu nombre de usuario en el foro o un apodo en caso de no estar registrado.\n\t\t\t\t\t\t\t<\/font>\n\t\t\t\t\t\t<\/font><\/i>\n\t\t\t\t<\/p>\n\t\t\t<\/td>\n\t\t\t<td style=\"width: 50%;\">\n\t\t\t\t<p><b>\n\t\t\t\t\t\t<font color=\"#103147\">\n\t\t\t\t\t\t\t<font size=\"3\"> Email\n\t\t\t\t\t\t\t<\/font>\n\t\t\t\t\t\t<\/font> <\/b><br \/>\n<span class=\"wpcf7-form-control-wrap\" data-name=\"Email\"><input size=\"40\" maxlength=\"400\" class=\"wpcf7-form-control wpcf7-email wpcf7-text wpcf7-validates-as-email\" aria-invalid=\"false\" value=\"\" type=\"email\" name=\"Email\" \/><\/span><br \/>\n<i>\n\t\t\t\t\t\t<font size=\"2\">\n\t\t\t\t\t\t\t<font color=\"#334c54\"> Si quieres recibir una respuesta a tu mensaje, danos una direcci\u00f3n de email.\n\t\t\t\t\t\t\t<\/font>\n\t\t\t\t\t\t<\/font><\/i>\n\t\t\t\t<\/p>\n\t\t\t<\/td>\n\t\t<\/tr>\n\t\t<tr>\n\t\t\t<td style=\"width: 50%;\">\n\t\t\t\t<p><b>\n\t\t\t\t\t\t<font color=\"#103147\">\n\t\t\t\t\t\t\t<font size=\"3\"> Categor\u00eda\n\t\t\t\t\t\t\t<\/font>\n\t\t\t\t\t\t<\/font> <\/b><br \/>\n<span class=\"wpcf7-form-control-wrap\" data-name=\"Categoria\"><select class=\"wpcf7-form-control wpcf7-select wpcf7-validates-as-required\" aria-required=\"true\" aria-invalid=\"false\" name=\"Categoria\"><option value=\"Consulta\">Consulta<\/option><option value=\"Queja\">Queja<\/option><option value=\"Sugerencia\">Sugerencia<\/option><\/select><\/span><br \/>\n<i>\n\t\t\t\t\t\t<font size=\"2\">\n\t\t\t\t\t\t\t<font color=\"#334c54\"> Escoge una categor\u00eda para tu mensaje.\n\t\t\t\t\t\t\t<\/font>\n\t\t\t\t\t\t<\/font><\/i>\n\t\t\t\t<\/p>\n\t\t\t<\/td>\n\t\t\t<td style=\"width: 50%;\">\n\t\t\t\t<p><b>\n\t\t\t\t\t\t<font color=\"#103147\">\n\t\t\t\t\t\t\t<font size=\"3\"> Tem\u00e1tica\n\t\t\t\t\t\t\t<\/font>\n\t\t\t\t\t\t<\/font> <\/b><br \/>\n<span class=\"wpcf7-form-control-wrap\" data-name=\"Tematica\"><select class=\"wpcf7-form-control wpcf7-select wpcf7-validates-as-required\" aria-required=\"true\" aria-invalid=\"false\" name=\"Tematica\"><option value=\"Staff\">Staff<\/option><option value=\"Eventos\">Eventos<\/option><option value=\"Normativa\">Normativa<\/option><option value=\"Lore\">Lore<\/option><option value=\"Libre\">Libre<\/option><\/select><\/span><br \/>\n<i>\n\t\t\t\t\t\t<font size=\"2\">\n\t\t\t\t\t\t\t<font color=\"#334c54\"> Dentro de la categor\u00eda escogida, indica el tema para tu mensaje.\n\t\t\t\t\t\t\t<\/font>\n\t\t\t\t\t\t<\/font><\/i>\n\t\t\t\t<\/p>\n\t\t\t<\/td>\n\t\t<\/tr>\n\t<\/table>\n\t<p><label> <b>\n\t\t\t\t<style=\"width: 100%;\">\n\t\t\t\t\t<font color=\"#103147\">\n\t\t\t\t\t\t<font size=\"3\"> Mensaje\n\t\t\t\t\t\t<\/font>\n\t\t\t\t\t<\/font>\n\t\t\t\t<\/style=\"width:><\/b> <br \/>\n<span class=\"wpcf7-form-control-wrap\" data-name=\"Mensaje\"><textarea cols=\"40\" rows=\"10\" maxlength=\"2000\" class=\"wpcf7-form-control wpcf7-textarea wpcf7-validates-as-required\" aria-required=\"true\" aria-invalid=\"false\" name=\"Mensaje\"><\/textarea><\/span> <\/label>\n\t<\/p>\n\t<p><input class=\"wpcf7-form-control wpcf7-submit has-spinner\" type=\"submit\" value=\"\u00a1Enviar!\" \/>\n\t<\/p>\n<\/div><div class=\"wpcf7-response-output\" aria-hidden=\"true\"><\/div>\n<\/form>\n<\/div>\n<\/div>\n            <\/div>\t\t<\/div>\n\t\t\t\t<\/div>\n\t\t\t\t\t<\/div>\n\t\t<\/div>\n\t\t\t\t<div class=\"elementor-column elementor-col-16 elementor-top-column elementor-element elementor-element-7a3dccb\" data-id=\"7a3dccb\" data-element_type=\"column\">\n\t\t\t<div class=\"elementor-widget-wrap elementor-element-populated\">\n\t\t\t\t\t\t<div class=\"elementor-element elementor-element-a59f64d elementor-widget elementor-widget-image\" data-id=\"a59f64d\" data-element_type=\"widget\" data-widget_type=\"image.default\">\n\t\t\t\t<div class=\"elementor-widget-container\">\n\t\t\t\t\t\t\t\t\t\t\t\t\t<img decoding=\"async\" width=\"160\" height=\"704\" src=\"https:\/\/www.conciliodetirisfal.es\/wp-content\/uploads\/2020\/06\/FlagA.png\" class=\"attachment-large size-large wp-image-721\" alt=\"\" srcset=\"https:\/\/www.conciliodetirisfal.es\/wp-content\/uploads\/2020\/06\/FlagA.png 160w, https:\/\/www.conciliodetirisfal.es\/wp-content\/uploads\/2020\/06\/FlagA-68x300.png 68w\" sizes=\"(max-width: 160px) 100vw, 160px\" \/>\t\t\t\t\t\t\t\t\t\t\t\t\t<\/div>\n\t\t\t\t<\/div>\n\t\t\t\t\t<\/div>\n\t\t<\/div>\n\t\t\t\t\t<\/div>\n\t\t<\/section>\n\t\t\t\t<section class=\"elementor-section elementor-top-section elementor-element elementor-element-2fbf8e2 elementor-section-boxed elementor-section-height-default elementor-section-height-default\" data-id=\"2fbf8e2\" data-element_type=\"section\">\n\t\t\t\t\t\t<div class=\"elementor-container elementor-column-gap-default\">\n\t\t\t\t\t<div class=\"elementor-column elementor-col-100 elementor-top-column elementor-element elementor-element-a8d4e0e\" data-id=\"a8d4e0e\" data-element_type=\"column\">\n\t\t\t<div class=\"elementor-widget-wrap\">\n\t\t\t\t\t\t\t<\/div>\n\t\t<\/div>\n\t\t\t\t\t<\/div>\n\t\t<\/section>\n\t\t\t\t<\/div>\n\t\t","protected":false},"excerpt":{"rendered":"<p>Bienvenidos al rinc\u00f3n de terapia de moroes El buz\u00f3n es la zona donde los jugadores y los invitados pueden hacer llegar al equipo de gesti\u00f3n los comentarios que estimen oportunos sobre la comunidad. Los campos de identificaci\u00f3n no son obligatorios ya que consideramos que de esta manera, al poder enviar los comentarios de forma an\u00f3nima, [&hellip;]<\/p>\n","protected":false},"author":1,"featured_media":0,"parent":0,"menu_order":0,"comment_status":"closed","ping_status":"closed","template":"","meta":{"footnotes":""},"class_list":["post-697","page","type-page","status-publish","hentry"],"_links":{"self":[{"href":"https:\/\/www.conciliodetirisfal.es\/index.php\/wp-json\/wp\/v2\/pages\/697","targetHints":{"allow":["GET"]}}],"collection":[{"href":"https:\/\/www.conciliodetirisfal.es\/index.php\/wp-json\/wp\/v2\/pages"}],"about":[{"href":"https:\/\/www.conciliodetirisfal.es\/index.php\/wp-json\/wp\/v2\/types\/page"}],"author":[{"embeddable":true,"href":"https:\/\/www.conciliodetirisfal.es\/index.php\/wp-json\/wp\/v2\/users\/1"}],"replies":[{"embeddable":true,"href":"https:\/\/www.conciliodetirisfal.es\/index.php\/wp-json\/wp\/v2\/comments?post=697"}],"version-history":[{"count":8,"href":"https:\/\/www.conciliodetirisfal.es\/index.php\/wp-json\/wp\/v2\/pages\/697\/revisions"}],"predecessor-version":[{"id":728,"href":"https:\/\/www.conciliodetirisfal.es\/index.php\/wp-json\/wp\/v2\/pages\/697\/revisions\/728"}],"wp:attachment":[{"href":"https:\/\/www.conciliodetirisfal.es\/index.php\/wp-json\/wp\/v2\/media?parent=697"}],"curies":[{"name":"wp","href":"https:\/\/api.w.org\/{rel}","templated":true}]}}